{"id":604,"date":"2021-03-25T13:33:48","date_gmt":"2021-03-25T12:33:48","guid":{"rendered":"https:\/\/apartamentmorskiwidok.pl\/?page_id=604"},"modified":"2025-01-09T18:41:38","modified_gmt":"2025-01-09T17:41:38","slug":"okolica","status":"publish","type":"page","link":"https:\/\/apartamentmorskiwidok.pl\/de\/okolica","title":{"rendered":"Umgebung"},"content":{"rendered":"<section id=\"section-42-538\" class=\"ct-section\" ><div class=\"ct-section-inner-wrap\"><div id=\"div_block-43-538\" class=\"ct-div-block\" ><div id=\"div_block-44-538\" class=\"ct-div-block\" ><div id=\"div_block-45-538\" class=\"ct-div-block\" ><img decoding=\"async\"  id=\"image-48-538\" alt=\"\" src=\"https:\/\/apartamentmorskiwidok.pl\/wp-content\/uploads\/2022\/04\/IMG_3139-1-min.jpg\" class=\"ct-image cover-image\"\/><\/div><div id=\"div_block-47-538\" class=\"ct-div-block\" ><img decoding=\"async\"  id=\"image-46-538\" alt=\"\" src=\"https:\/\/apartamentmorskiwidok.pl\/wp-content\/uploads\/2025\/01\/IMG_5486-2-scaled.jpg\" class=\"ct-image cover-image\"\/><\/div><\/div><div id=\"div_block-49-538\" class=\"ct-div-block\" ><h1 id=\"headline-50-538\" class=\"ct-headline subtitle\">Stadt voller Attraktionens<\/h1><h1 id=\"headline-51-538\" class=\"ct-headline title\">Mi\u0119dzyzdroje<\/h1><div id=\"code_block-427-10\" class=\"ct-code-block\" ><svg width=\"72\" height=\"6\" viewbox=\"0 0 216 18\" fill=\"none\" preserveaspectratio=\"none\" xmlns=\"http:\/\/www.w3.org\/2000\/svg\">\n  <path\n    d=\"M0 2C10 2 15.5 16 25.5 16C35.5 16 43 2 53 2C63 2 70.5 16 80.5 16C90.5 16 98 2 108 2\"\n    stroke=\"#75aacd\"\n    stroke-width=\"6\"\n  \/>\n  <path\n    d=\"M108 2C118 2 123.5 16 133.5 16C143.5 16 151 2 161 2C171 2 178.5 16 188.5 16C198.5 16 206 2 216 2\"\n    stroke=\"#75aacd\"\n    stroke-width=\"6\"\n  \/>\n<\/svg>\n<\/div><div id=\"text_block-53-538\" class=\"ct-text-block txt\" >Mi\u0119dzyzdroje ist eines der beliebtesten Ostseeb\u00e4der. Die Stadt wird haupts\u00e4chlich mit einem langen Strand, einer Seebr\u00fccke und dem ber\u00fchmten Allee der Sterne in Verbindung gebracht, bietet jedoch noch viel mehr. Was lohnt es sich noch zu sehen? Hier sind einige Vorschl\u00e4ge f\u00fcr den Besuch der wichtigsten Attraktionen von Mi\u0119dzyzdroje und Umgebung.<br><\/div><\/div><\/div><\/div><\/section><section id=\"section-55-538\" class=\"ct-section\" ><div class=\"ct-section-inner-wrap\"><h1 id=\"headline-57-538\" class=\"ct-headline subtitle\">AUSGEW\u00c4HLT<\/h1><h1 id=\"headline-58-538\" class=\"ct-headline title\">Attraktionen<\/h1><div id=\"code_block-427-10\" class=\"ct-code-block\" ><svg width=\"72\" height=\"6\" viewbox=\"0 0 216 18\" fill=\"none\" preserveaspectratio=\"none\" xmlns=\"http:\/\/www.w3.org\/2000\/svg\">\n  <path\n    d=\"M0 2C10 2 15.5 16 25.5 16C35.5 16 43 2 53 2C63 2 70.5 16 80.5 16C90.5 16 98 2 108 2\"\n    stroke=\"#75aacd\"\n    stroke-width=\"6\"\n  \/>\n  <path\n    d=\"M108 2C118 2 123.5 16 133.5 16C143.5 16 151 2 161 2C171 2 178.5 16 188.5 16C198.5 16 206 2 216 2\"\n    stroke=\"#75aacd\"\n    stroke-width=\"6\"\n  \/>\n<\/svg>\n<\/div><div id=\"text_block-62-538\" class=\"ct-text-block txt\" ><b>Kawcza G\u00f3ra:<\/b>&nbsp;Holztreppe mit Aussichtspunkt: Die K\u00fcstenlandschaft ist es wert, von einem Aussichtspunkt wie Kawcza G\u00f3ra aus betrachtet zu werden, einem Ort, der durch die l\u00e4ngsten Treppen an der polnischen K\u00fcste mit einer L\u00e4nge von 128,5 m erreicht wird. Der H\u00fcgel selbst hat eine H\u00f6he von 61 m. <br><br><b>T\u00fcrkisfarbener See:<\/b> Der t\u00fcrkisfarbene See befindet sich einige Kilometer s\u00fcdlich des Stadtzentrums von Mi\u0119dzyzdroje und ist eine der Hauptattraktionen des Nationalparks Wolin. Dieser Ort zieht seit Jahren Touristen und Fotografiebegeisterte an. Wie kommt es zu dieser himmlischen Farbe? Der See entstand an der Stelle eines alten Kalksteinbruchs und verdankt seine Farbe der Aufspaltung des Sonnenlichts im klaren Wasser und der Reflexion von Lichtreflexen vom wei\u00dfen kalkigen Boden. Direkt am See gibt es einen Aussichtspunkt, der eine wundersch\u00f6ne Panoramaaussicht auf die gesamte Umgebung bietet. <br><br><b> Aquarium in Misdroy:<\/b> Ein Ort, der besonders bei Familien mit Kindern beliebt ist. Im 3.000 m2 gro\u00dfen Ozeanarium kann man unter anderem Haie, Quallen, Rochen und Kraken bewundern. Diese Attraktion befindet sich direkt im Stadtzentrum. <br><br><b>Seebr\u00fccke:<\/b> Die Visitenkarte von Mi\u0119dzyzdroje, der Meister des Hintergrunds auf Urlaubsfotos, der Held der meisten Postkarten vom Meer.<\/div><\/div><\/section><section id=\"section-14-538\" class=\"ct-section ct-section-with-shape-divider\" ><div class=\"ct-section-inner-wrap\">\n\t\t<div id=\"-shape-divider-15-538\" class=\"oxy-shape-divider\" >        \n        <div class=\"oxy_shape_divider oxy_shape_divider_top\" style=\"transform:  scaleY(-1)\">\n            <svg xmlns=\"http:\/\/www.w3.org\/2000\/svg\" viewbox=\"0 0 1440 320\" preserveaspectratio=\"none\"><path fill=\"currentColor\" fill-opacity=\"1\" d=\"M0,128L120,117.3C240,107,480,85,720,112C960,139,1200,213,1320,250.7L1440,288L1440,320L1320,320C1200,320,960,320,720,320C480,320,240,320,120,320L0,320Z\"><\/path><\/svg>        <\/div>\n\n        <\/div>\n\n\t\t<div id=\"div_block-16-538\" class=\"ct-div-block\" ><div id=\"div_block-17-538\" class=\"ct-div-block\" ><div id=\"div_block-18-538\" class=\"ct-div-block\" ><img decoding=\"async\"  id=\"image-19-538\" alt=\"\" src=\"https:\/\/apartamentmorskiwidok.pl\/wp-content\/uploads\/2022\/04\/minw.jpg\" class=\"ct-image cover-image\"\/><\/div><\/div><div id=\"div_block-20-538\" class=\"ct-div-block\" ><div id=\"div_block-21-538\" class=\"ct-div-block\" ><img decoding=\"async\"  id=\"image-22-538\" alt=\"\" src=\"https:\/\/apartamentmorskiwidok.pl\/wp-content\/uploads\/2022\/04\/minw3.jpg\" class=\"ct-image cover-image\"\/><\/div><div id=\"div_block-23-538\" class=\"ct-div-block\" ><img decoding=\"async\"  id=\"image-24-538\" alt=\"\" src=\"https:\/\/apartamentmorskiwidok.pl\/wp-content\/uploads\/2025\/01\/IMG_4758-kopia-scaled.jpg\" class=\"ct-image cover-image\"\/><\/div><\/div><div id=\"div_block-25-538\" class=\"ct-div-block\" ><div id=\"div_block-26-538\" class=\"ct-div-block\" ><div id=\"code_block-27-538\" class=\"ct-code-block\" ><div style=\"overflow:hidden;height:100%\">\n  <video autoplay loop muted playsinline style=\"width:100%;height:100%;object-fit:cover\">\n    <source src=\"https:\/\/apartamentmorskiwidok.pl\/wp-content\/uploads\/2022\/04\/balticcoast.mp4\" type=\"video\/mp4\">\n  <\/video>\n<\/div><\/div><\/div><div id=\"div_block-28-538\" class=\"ct-div-block\" ><div id=\"div_block-29-538\" class=\"ct-div-block\" ><img decoding=\"async\"  id=\"image-30-538\" alt=\"\" src=\"https:\/\/apartamentmorskiwidok.pl\/wp-content\/uploads\/2025\/01\/IMG_9938.jpg\" class=\"ct-image cover-image\"\/><\/div><div id=\"div_block-31-538\" class=\"ct-div-block\" ><img decoding=\"async\"  id=\"image-32-538\" alt=\"\" src=\"https:\/\/apartamentmorskiwidok.pl\/wp-content\/uploads\/2025\/01\/IMG_8347-kopia-scaled.jpg\" class=\"ct-image cover-image\"\/><\/div><\/div><\/div><div id=\"div_block-33-538\" class=\"ct-div-block\" ><div id=\"div_block-34-538\" class=\"ct-div-block\" ><img decoding=\"async\"  id=\"image-35-538\" alt=\"\" src=\"https:\/\/apartamentmorskiwidok.pl\/wp-content\/uploads\/2022\/04\/IMG_5072-1-min.jpg\" class=\"ct-image cover-image\"\/><\/div><div id=\"div_block-36-538\" class=\"ct-div-block\" ><img decoding=\"async\"  id=\"image-37-538\" alt=\"\" src=\"https:\/\/apartamentmorskiwidok.pl\/wp-content\/uploads\/2022\/04\/minw2.jpg\" class=\"ct-image cover-image\"\/><\/div><\/div><\/div>\n\t\t<div id=\"-shape-divider-41-538\" class=\"oxy-shape-divider\" >        \n        <div class=\"oxy_shape_divider\" style=\"transform:  scaleX(-1)\">\n            <svg xmlns=\"http:\/\/www.w3.org\/2000\/svg\" viewbox=\"0 0 1440 320\" preserveaspectratio=\"none\"><path fill=\"currentColor\" fill-opacity=\"1\" d=\"M0,128L120,117.3C240,107,480,85,720,112C960,139,1200,213,1320,250.7L1440,288L1440,320L1320,320C1200,320,960,320,720,320C480,320,240,320,120,320L0,320Z\"><\/path><\/svg>        <\/div>\n\n        <\/div>\n\n\t\t<\/div><\/section>","protected":false},"excerpt":{"rendered":"","protected":false},"author":1,"featured_media":0,"parent":0,"menu_order":0,"comment_status":"closed","ping_status":"closed","template":"","meta":{"_acf_changed":false,"footnotes":""},"class_list":["post-604","page","type-page","status-publish","hentry"],"acf":[],"_links":{"self":[{"href":"https:\/\/apartamentmorskiwidok.pl\/de\/wp-json\/wp\/v2\/pages\/604","targetHints":{"allow":["GET"]}}],"collection":[{"href":"https:\/\/apartamentmorskiwidok.pl\/de\/wp-json\/wp\/v2\/pages"}],"about":[{"href":"https:\/\/apartamentmorskiwidok.pl\/de\/wp-json\/wp\/v2\/types\/page"}],"author":[{"embeddable":true,"href":"https:\/\/apartamentmorskiwidok.pl\/de\/wp-json\/wp\/v2\/users\/1"}],"replies":[{"embeddable":true,"href":"https:\/\/apartamentmorskiwidok.pl\/de\/wp-json\/wp\/v2\/comments?post=604"}],"version-history":[{"count":6,"href":"https:\/\/apartamentmorskiwidok.pl\/de\/wp-json\/wp\/v2\/pages\/604\/revisions"}],"predecessor-version":[{"id":770,"href":"https:\/\/apartamentmorskiwidok.pl\/de\/wp-json\/wp\/v2\/pages\/604\/revisions\/770"}],"wp:attachment":[{"href":"https:\/\/apartamentmorskiwidok.pl\/de\/wp-json\/wp\/v2\/media?parent=604"}],"curies":[{"name":"wp","href":"https:\/\/api.w.org\/{rel}","templated":true}]}}