{"id":18,"date":"2020-06-10T09:19:28","date_gmt":"2020-06-10T07:19:28","guid":{"rendered":"https:\/\/apartamentmorskiwidok.pl\/?page_id=18"},"modified":"2025-05-23T09:14:29","modified_gmt":"2025-05-23T07:14:29","slug":"o-nas","status":"publish","type":"page","link":"https:\/\/apartamentmorskiwidok.pl\/de\/","title":{"rendered":"\u00dcber uns"},"content":{"rendered":"<section id=\"top\" class=\"ct-section ct-section-with-shape-divider\" ><div class=\"ct-section-inner-wrap\">\n\t\t<div id=\"-carousel-builder-683-18\" class=\"oxy-carousel-builder\" ><div class=\"oxy-carousel-builder_inner oxy-inner-content\" data-prev=\".oxy-carousel-builder_prev\" data-next=\".oxy-carousel-builder_next\" data-contain=\"true\" data-percent=\"true\" data-freescroll=\"false\" data-draggable=\"true\" data-wraparound=\"true\" data-carousel=\".oxy-dynamic-list\" data-cell=\"\" data-dragthreshold=\"3\" data-selectedattraction=\"0.025\" data-friction=\"0.28\" data-freescrollfriction=\"0.075\" data-forceheight=\"false\" data-fade=\"true\" data-tickerpause=\"true\" data-groupcells=\"1\" data-autoplay=\"4000\" data-pauseautoplay=\"false\" data-hash=\"false\" data-initial=\"1\" data-accessibility=\"true\" data-cellalign=\"center\" data-righttoleft=\"false\" data-images-loaded=\"true\" data-pagedots=\"false\" data-trigger-aos=\"false\" data-clickselect=\"false\" data-tick=\"false\" ><div id=\"_dynamic_list-685-18\" class=\"oxy-dynamic-list\"><div id=\"div_block-687-18-1\" class=\"ct-div-block\" style=\"background-image:linear-gradient(rgba(0,0,0,0.3), rgba(0,0,0,0.3)), url(https:\/\/apartamentmorskiwidok.pl\/wp-content\/uploads\/2022\/04\/top3-min.jpg);background-size:auto,  cover;\" data-id=\"div_block-687-18\"><\/div><div id=\"div_block-687-18-2\" class=\"ct-div-block\" style=\"background-image:linear-gradient(rgba(0,0,0,0.3), rgba(0,0,0,0.3)), url(https:\/\/apartamentmorskiwidok.pl\/wp-content\/uploads\/2022\/04\/top2-min.jpg);background-size:auto,  cover;\" data-id=\"div_block-687-18\"><\/div><div id=\"div_block-687-18-3\" class=\"ct-div-block\" style=\"background-image:linear-gradient(rgba(0,0,0,0.3), rgba(0,0,0,0.3)), url(https:\/\/apartamentmorskiwidok.pl\/wp-content\/uploads\/2022\/04\/top1-min.jpg);background-size:auto,  cover;\" data-id=\"div_block-687-18\"><\/div><\/div>\n<\/div><\/div>\n\n\t\t<div id=\"code_block-21-18\" class=\"ct-code-block\" ><\/div><div id=\"div_block-3-18\" class=\"ct-div-block\" ><h1 id=\"headline-5-18\" class=\"ct-headline\">Morski Widok<\/h1><div id=\"text_block-6-18\" class=\"ct-text-block\" >Apartment<\/div><div id=\"text_block-8-18\" class=\"ct-text-block\" >Seeblick-Ostsee-Luxus-Apartment&nbsp;<\/div><a id=\"link_text-400-18\" class=\"ct-link-text reserv-btn\" href=\"#o-nas\" target=\"_self\"  >\u00dcber uns<\/a><\/div>\n\t\t<div id=\"-shape-divider-330-18\" class=\"oxy-shape-divider\" >        \n        <div class=\"oxy_shape_divider\" >\n            <svg xmlns=\"http:\/\/www.w3.org\/2000\/svg\" viewbox=\"0 0 1440 320\" preserveaspectratio=\"none\"><path fill=\"currentColor\" fill-opacity=\"1\" d=\"M0,128L720,288L1440,64L1440,320L720,320L0,320Z\"><\/path><\/svg>        <\/div>\n\n        <\/div>\n\n\t\t<\/div><\/section><section id=\"o-nas\" class=\"ct-section\" ><div class=\"ct-section-inner-wrap\"><div id=\"div_block-640-18\" class=\"ct-div-block\" ><div id=\"div_block-641-18\" class=\"ct-div-block\" ><h1 id=\"headline-642-18\" class=\"ct-headline subtitle\">Perfekte Lage<\/h1><h1 id=\"headline-643-18\" class=\"ct-headline title\">Apartment in Mi\u0119dzyzdroje&nbsp;<\/h1><div id=\"code_block-427-10\" class=\"ct-code-block\" ><svg width=\"72\" height=\"6\" viewbox=\"0 0 216 18\" fill=\"none\" preserveaspectratio=\"none\" xmlns=\"http:\/\/www.w3.org\/2000\/svg\">\n  <path\n    d=\"M0 2C10 2 15.5 16 25.5 16C35.5 16 43 2 53 2C63 2 70.5 16 80.5 16C90.5 16 98 2 108 2\"\n    stroke=\"#75aacd\"\n    stroke-width=\"6\"\n  \/>\n  <path\n    d=\"M108 2C118 2 123.5 16 133.5 16C143.5 16 151 2 161 2C171 2 178.5 16 188.5 16C198.5 16 206 2 216 2\"\n    stroke=\"#75aacd\"\n    stroke-width=\"6\"\n  \/>\n<\/svg>\n<\/div><div id=\"text_block-645-18\" class=\"ct-text-block txt\" >Die Meerblick-Wohnung befindet sich direkt am Strand in der luxuri\u00f6sen Wave Mi\u0119dzyzdroje Resort &amp; Spa. Sie ist in einem Designer-Geb\u00e4ude untergebracht und bietet einen hohen Ausbaustandard sowie einen malerischen Blick auf die Ostsee.&nbsp;<br><div>Mit dem Ziel, einen au\u00dfergew\u00f6hnlichen Aufenthalt zu bieten, werden unsere G\u00e4ste mit kostenlosem Zugang zum Poolbereich, den Saunen und einem gut ausgestatteten Fitnesscenter zufrieden sein. F\u00fcr Familien mit Kindern bieten wir Spielzimmer, Spielezimmer sowie eine Kletterwand und Au\u00dfenspielpl\u00e4tze an&nbsp;<\/div><div>Aus Liebe zur K\u00fcche werden unsere G\u00e4ste die M\u00f6glichkeit haben, in zwei Restaurants zu speisen: Season Taste \u00e0 la carte und einem Buffet-Restaurant, in dem t\u00e4glich exquisite Fr\u00fchst\u00fccke, Mittagessen und Abendessen serviert werden.&nbsp;<br><\/div><\/div><\/div><div id=\"div_block-646-18\" class=\"ct-div-block\" ><div id=\"div_block-647-18\" class=\"ct-div-block\" ><img decoding=\"async\"  id=\"image-648-18\" alt=\"\" src=\"https:\/\/apartamentmorskiwidok.pl\/wp-content\/uploads\/2025\/01\/IMG_4368-kopia-scaled.jpg\" class=\"ct-image cover-image\"\/><\/div><div id=\"div_block-649-18\" class=\"ct-div-block\" ><img decoding=\"async\"  id=\"image-650-18\" alt=\"\" src=\"https:\/\/apartamentmorskiwidok.pl\/wp-content\/uploads\/2025\/01\/IMG_3096-2-kopia-scaled.jpg\" class=\"ct-image cover-image\"\/><\/div><\/div><\/div><\/div><\/section><section id=\"apartament\" class=\"ct-section\" ><div class=\"ct-section-inner-wrap\"><div id=\"div_block-652-18\" class=\"ct-div-block\"  data-vue-nf-widget=\"1201\"><div id=\"div_block-1-673\" class=\"ct-div-block nf-room-description\"  v-for=\"room in roomDescriptions\"><div id=\"div_block-2-673\" class=\"ct-div-block\" ><a id=\"link-29-673\" class=\"ct-link\" href=\"http:\/\/$$&#039;https:\/\/apartamentmorskiwidok.pl\/pokoj\/&#039;+room.roomstandard_id\" target=\"_self\"   v-bind-nf-background=\"w500-c,room.photos&lt;0&gt;\"><\/a><div id=\"code_block-7-673\" class=\"ct-code-block\" >hello world!<\/div><\/div><div id=\"div_block-8-673\" class=\"ct-div-block\" ><h1 id=\"headline-9-673\" class=\"ct-headline subtitle\">Unsere Wohnung<\/h1><div id=\"text_block-27-673\" class=\"ct-text-block nf-room-name title\" >{{room.rsl_name}}<\/div><div id=\"code_block-427-10\" class=\"ct-code-block\" ><svg width=\"72\" height=\"6\" viewbox=\"0 0 216 18\" fill=\"none\" preserveaspectratio=\"none\" xmlns=\"http:\/\/www.w3.org\/2000\/svg\">\n  <path\n    d=\"M0 2C10 2 15.5 16 25.5 16C35.5 16 43 2 53 2C63 2 70.5 16 80.5 16C90.5 16 98 2 108 2\"\n    stroke=\"#75aacd\"\n    stroke-width=\"6\"\n  \/>\n  <path\n    d=\"M108 2C118 2 123.5 16 133.5 16C143.5 16 151 2 161 2C171 2 178.5 16 188.5 16C198.5 16 206 2 216 2\"\n    stroke=\"#75aacd\"\n    stroke-width=\"6\"\n  \/>\n<\/svg>\n<\/div><div id=\"text_block-12-673\" class=\"ct-text-block txt room-desc\"  v-html=\"room.rsl_description\">desc<\/div><a id=\"link_text-31-673\" class=\"ct-link-text reserv-btn\" href=\"http:\/\/$$&#039;https:\/\/apartamentmorskiwidok.pl\/pokoj\/&#039;+room.roomstandard_id\" target=\"_self\"  >Details<\/a><\/div><\/div><\/div><\/div><\/section><section id=\"section-655-18\" class=\"ct-section\" ><div class=\"ct-section-inner-wrap\"><div id=\"div_block-656-18\" class=\"ct-div-block\"  data-aos=\"zoom-out\"><div id=\"fancy_icon-657-18\" class=\"ct-fancy-icon eq-icon\" ><svg id=\"svg-fancy_icon-657-18\"><use xlink:href=\"#SetIconsicon-parking-Car\"><\/use><\/svg><\/div><div id=\"text_block-658-18\" class=\"ct-text-block icon-txt\" >Privater Parkplatz<\/div><\/div><div id=\"div_block-659-18\" class=\"ct-div-block\"  data-aos=\"zoom-out\" data-aos-delay=\"200\"><div id=\"fancy_icon-660-18\" class=\"ct-fancy-icon eq-icon\" ><svg id=\"svg-fancy_icon-660-18\"><use xlink:href=\"#SetIconsicon-swimming-pool\"><\/use><\/svg><\/div><div id=\"text_block-661-18\" class=\"ct-text-block icon-txt\" >Poolbereich<\/div><\/div><div id=\"div_block-662-18\" class=\"ct-div-block\"  data-aos=\"zoom-out\" data-aos-delay=\"400\"><div id=\"fancy_icon-663-18\" class=\"ct-fancy-icon eq-icon\" ><svg id=\"svg-fancy_icon-663-18\"><use xlink:href=\"#SetIconsicon-fitness\"><\/use><\/svg><\/div><div id=\"text_block-664-18\" class=\"ct-text-block icon-txt\" >Sauna und Fitnessstudio<\/div><\/div><div id=\"div_block-665-18\" class=\"ct-div-block\"  data-aos=\"zoom-out\" data-aos-delay=\"600\"><div id=\"fancy_icon-666-18\" class=\"ct-fancy-icon eq-icon\" ><svg id=\"svg-fancy_icon-666-18\"><use xlink:href=\"#SetIconsicon-Artboard-242\"><\/use><\/svg><\/div><div id=\"text_block-667-18\" class=\"ct-text-block icon-txt\" >Restaurants<\/div><\/div><\/div><\/section><section id=\"galeria\" class=\"ct-section ct-section-with-shape-divider\" ><div class=\"ct-section-inner-wrap\">\n\t\t<div id=\"-shape-divider-329-18\" class=\"oxy-shape-divider\" >        \n        <div class=\"oxy_shape_divider oxy_shape_divider_top\" style=\"transform:  scaleY(-1)\">\n            <svg xmlns=\"http:\/\/www.w3.org\/2000\/svg\" viewbox=\"0 0 1440 320\" preserveaspectratio=\"none\"><path fill=\"currentColor\" fill-opacity=\"1\" d=\"M0,128L120,117.3C240,107,480,85,720,112C960,139,1200,213,1320,250.7L1440,288L1440,320L1320,320C1200,320,960,320,720,320C480,320,240,320,120,320L0,320Z\"><\/path><\/svg>        <\/div>\n\n        <\/div>\n\n\t\t<div id=\"div_block-486-18\" class=\"ct-div-block\" ><div id=\"div_block-310-18\" class=\"ct-div-block\" ><div id=\"div_block-311-18\" class=\"ct-div-block\" ><img decoding=\"async\"  id=\"image-312-18\" alt=\"\" src=\"https:\/\/apartamentmorskiwidok.pl\/wp-content\/uploads\/2022\/04\/morskiwidok4.jpg\" class=\"ct-image cover-image\"\/><\/div><\/div><div id=\"div_block-300-18\" class=\"ct-div-block\" ><div id=\"div_block-301-18\" class=\"ct-div-block\" ><img decoding=\"async\"  id=\"image-302-18\" alt=\"\" src=\"https:\/\/apartamentmorskiwidok.pl\/wp-content\/uploads\/2025\/01\/IMG_1269-kopia-scaled.jpg\" class=\"ct-image cover-image\"\/><\/div><div id=\"div_block-303-18\" class=\"ct-div-block\" ><img decoding=\"async\"  id=\"image-304-18\" alt=\"\" src=\"https:\/\/apartamentmorskiwidok.pl\/wp-content\/uploads\/2025\/01\/IMG_2720-scaled.jpg\" class=\"ct-image cover-image\"\/><\/div><\/div><div id=\"div_block-305-18\" class=\"ct-div-block\" ><div id=\"div_block-306-18\" class=\"ct-div-block\" ><div id=\"code_block-307-18\" class=\"ct-code-block\" ><div style=\"overflow:hidden;height:100%\">\n  <video autoplay loop muted playsinline style=\"width:100%;height:100%;object-fit:cover\">\n    <source src=\"https:\/\/apartamentmorskiwidok.pl\/wp-content\/uploads\/2022\/04\/baltic-sea-coast-beach-hel-aerial-drone-top-view-4-2022-04-20-13-53-15-utc-4.mp4\" type=\"video\/mp4\">\n  <\/video>\n<\/div><\/div><\/div><div id=\"div_block-325-18\" class=\"ct-div-block\" ><div id=\"div_block-308-18\" class=\"ct-div-block\" ><img decoding=\"async\"  id=\"image-309-18\" alt=\"\" src=\"https:\/\/apartamentmorskiwidok.pl\/wp-content\/uploads\/2025\/01\/IMG_8456_jpg-scaled.jpg\" class=\"ct-image cover-image\"\/><\/div><div id=\"div_block-326-18\" class=\"ct-div-block\" ><img decoding=\"async\"  id=\"image-327-18\" alt=\"\" src=\"https:\/\/apartamentmorskiwidok.pl\/wp-content\/uploads\/2025\/01\/IMG_3096-2-kopia-scaled.jpg\" class=\"ct-image cover-image\"\/><\/div><\/div><\/div><div id=\"div_block-320-18\" class=\"ct-div-block\" ><div id=\"div_block-321-18\" class=\"ct-div-block\" ><img decoding=\"async\"  id=\"image-322-18\" alt=\"\" src=\"https:\/\/apartamentmorskiwidok.pl\/wp-content\/uploads\/2022\/04\/morskiwidok3.jpg\" class=\"ct-image cover-image\"\/><\/div><div id=\"div_block-323-18\" class=\"ct-div-block\" ><img decoding=\"async\"  id=\"image-324-18\" alt=\"\" src=\"https:\/\/apartamentmorskiwidok.pl\/wp-content\/uploads\/2022\/04\/morskiwidok-kanapa.jpg\" class=\"ct-image cover-image\"\/><\/div><\/div><\/div>\n\t\t<div id=\"-shape-divider-328-18\" class=\"oxy-shape-divider\" >        \n        <div class=\"oxy_shape_divider\" style=\"transform:  scaleX(-1)\">\n            <svg xmlns=\"http:\/\/www.w3.org\/2000\/svg\" viewbox=\"0 0 1440 320\" preserveaspectratio=\"none\"><path fill=\"currentColor\" fill-opacity=\"1\" d=\"M0,128L120,117.3C240,107,480,85,720,112C960,139,1200,213,1320,250.7L1440,288L1440,320L1320,320C1200,320,960,320,720,320C480,320,240,320,120,320L0,320Z\"><\/path><\/svg>        <\/div>\n\n        <\/div>\n\n\t\t<\/div><\/section><section id=\"okolica\" class=\"ct-section\" ><div class=\"ct-section-inner-wrap\"><div id=\"div_block-669-18\" class=\"ct-div-block\" ><div id=\"div_block-670-18\" class=\"ct-div-block\" ><div id=\"div_block-671-18\" class=\"ct-div-block\" ><img decoding=\"async\"  id=\"image-672-18\" alt=\"\" src=\"https:\/\/apartamentmorskiwidok.pl\/wp-content\/uploads\/2025\/01\/IMG_5125-scaled.jpg\" class=\"ct-image cover-image\"\/><\/div><div id=\"div_block-673-18\" class=\"ct-div-block\" ><img decoding=\"async\"  id=\"image-674-18\" alt=\"\" src=\"https:\/\/apartamentmorskiwidok.pl\/wp-content\/uploads\/2025\/01\/IMG_8193.jpg\" class=\"ct-image cover-image\"\/><\/div><\/div><div id=\"div_block-675-18\" class=\"ct-div-block\" ><h1 id=\"headline-676-18\" class=\"ct-headline subtitle\">Einrichtungen<\/h1><h1 id=\"headline-677-18\" class=\"ct-headline title\">Apartment mit Wellnessbereich<\/h1><div id=\"code_block-427-10\" class=\"ct-code-block\" ><svg width=\"72\" height=\"6\" viewbox=\"0 0 216 18\" fill=\"none\" preserveaspectratio=\"none\" xmlns=\"http:\/\/www.w3.org\/2000\/svg\">\n  <path\n    d=\"M0 2C10 2 15.5 16 25.5 16C35.5 16 43 2 53 2C63 2 70.5 16 80.5 16C90.5 16 98 2 108 2\"\n    stroke=\"#75aacd\"\n    stroke-width=\"6\"\n  \/>\n  <path\n    d=\"M108 2C118 2 123.5 16 133.5 16C143.5 16 151 2 161 2C171 2 178.5 16 188.5 16C198.5 16 206 2 216 2\"\n    stroke=\"#75aacd\"\n    stroke-width=\"6\"\n  \/>\n<\/svg>\n<\/div><div id=\"text_block-679-18\" class=\"ct-text-block txt\" >Die Wellness-Zone besteht aus 3 Zimmern, die f\u00fcr entspannende Rituale vorgesehen sind. Es ist ein Ort, der Ihnen mit speziellen Massagen und K\u00f6rperbehandlungen g\u00f6ttliche Ruhe und Entspannung erm\u00f6glicht. Der Pool- und Saunabereich bietet eine Solegradierwerke, beheizte Liegen, eine finnische Sauna, eine Dampfsauna und eine Kr\u00e4utersauna. Im Innenbereich des Poolbereichs befinden sich ein Entspannungsbecken, ein Whirlpool, ein Spa-Whirlpool, ein Kinderbecken und eine einzigartige Attraktion, ein ganzj\u00e4hrig ge\u00f6ffneter Au\u00dfenpool und Whirlpool.<div><br><div>Der Fitnessclub ist ein Raum, der sich auf der Ebene -1 befindet und mit modernen Trainingsger\u00e4ten ausgestattet ist. F\u00fcr die j\u00fcngsten G\u00e4ste gibt es altersgerechte Spielbereiche, darunter eine Kletterwand, ein Schaumstoffbecken und ein Affenpark. Von Mai bis September steht auch ein Au\u00dfenspielplatz sowie Animationen zur Verf\u00fcgung.<br><\/div><\/div><\/div><\/div><\/div><\/div><\/section><div id=\"div_block-681-18\" class=\"ct-div-block\" ><div id=\"code_block-682-18\" class=\"ct-code-block\" ><iframe src=\"https:\/\/www.google.com\/maps\/embed?pb=!1m18!1m12!1m3!1d2349.3306695343936!2d14.43330141586035!3d53.925868980104575!2m3!1f0!2f0!3f0!3m2!1i1024!2i768!4f13.1!3m3!1m2!1s0x47aa8b845568d083%3A0x4e9e1afc1ea6337f!2sWave%20Mi%C4%99dzyzdroje%20Resort%26SPA!5e0!3m2!1spl!2spl!4v1650613352898!5m2!1spl!2spl\" width=\"100%\" height=\"100%\" style=\"border:0;\" allowfullscreen=\"\" loading=\"lazy\" referrerpolicy=\"no-referrer-when-downgrade\"><\/iframe><\/div><\/div>","protected":false},"excerpt":{"rendered":"","protected":false},"author":1,"featured_media":0,"parent":0,"menu_order":0,"comment_status":"closed","ping_status":"closed","template":"","meta":{"_acf_changed":false,"footnotes":""},"class_list":["post-18","page","type-page","status-publish","hentry"],"acf":[],"_links":{"self":[{"href":"https:\/\/apartamentmorskiwidok.pl\/de\/wp-json\/wp\/v2\/pages\/18","targetHints":{"allow":["GET"]}}],"collection":[{"href":"https:\/\/apartamentmorskiwidok.pl\/de\/wp-json\/wp\/v2\/pages"}],"about":[{"href":"https:\/\/apartamentmorskiwidok.pl\/de\/wp-json\/wp\/v2\/types\/page"}],"author":[{"embeddable":true,"href":"https:\/\/apartamentmorskiwidok.pl\/de\/wp-json\/wp\/v2\/users\/1"}],"replies":[{"embeddable":true,"href":"https:\/\/apartamentmorskiwidok.pl\/de\/wp-json\/wp\/v2\/comments?post=18"}],"version-history":[{"count":73,"href":"https:\/\/apartamentmorskiwidok.pl\/de\/wp-json\/wp\/v2\/pages\/18\/revisions"}],"predecessor-version":[{"id":775,"href":"https:\/\/apartamentmorskiwidok.pl\/de\/wp-json\/wp\/v2\/pages\/18\/revisions\/775"}],"wp:attachment":[{"href":"https:\/\/apartamentmorskiwidok.pl\/de\/wp-json\/wp\/v2\/media?parent=18"}],"curies":[{"name":"wp","href":"https:\/\/api.w.org\/{rel}","templated":true}]}}